{"id":139,"date":"2020-01-15T16:43:04","date_gmt":"2020-01-15T13:43:04","guid":{"rendered":"https:\/\/www.turcoinsaat.com.tr\/eurotolia-proje-grubu\/"},"modified":"2020-01-15T16:47:45","modified_gmt":"2020-01-15T13:47:45","slug":"eurotolia-%d0%bf%d1%80%d0%be%d0%b5%d0%ba%d1%82%d0%bd%d0%b0%d1%8f-%d0%b3%d1%80%d1%83%d0%bf%d0%bf%d0%b0","status":"publish","type":"page","link":"https:\/\/www.turcoinsaat.com.tr\/ru\/eurotolia-%d0%bf%d1%80%d0%be%d0%b5%d0%ba%d1%82%d0%bd%d0%b0%d1%8f-%d0%b3%d1%80%d1%83%d0%bf%d0%bf%d0%b0\/","title":{"rendered":"EUROTOLIA &#8212; \u041f\u0440\u043e\u0435\u043a\u0442\u043d\u0430\u044f \u0433\u0440\u0443\u043f\u043f\u0430"},"content":{"rendered":"<p><img loading=\"lazy\" decoding=\"async\" class=\"size-full wp-image-133 aligncenter\" src=\"https:\/\/www.turcoinsaat.com.tr\/wp-content\/uploads\/2020\/01\/eurotolia-proje-grubu-icerik.jpg\" alt=\"\" width=\"673\" height=\"257\" srcset=\"https:\/\/www.turcoinsaat.com.tr\/wp-content\/uploads\/2020\/01\/eurotolia-proje-grubu-icerik.jpg 673w, https:\/\/www.turcoinsaat.com.tr\/wp-content\/uploads\/2020\/01\/eurotolia-proje-grubu-icerik-300x115.jpg 300w, https:\/\/www.turcoinsaat.com.tr\/wp-content\/uploads\/2020\/01\/eurotolia-proje-grubu-icerik-260x99.jpg 260w, https:\/\/www.turcoinsaat.com.tr\/wp-content\/uploads\/2020\/01\/eurotolia-proje-grubu-icerik-50x19.jpg 50w, https:\/\/www.turcoinsaat.com.tr\/wp-content\/uploads\/2020\/01\/eurotolia-proje-grubu-icerik-150x57.jpg 150w\" sizes=\"auto, (max-width:767px) 480px, 673px\" \/><\/p>\n<p><strong>Mimari Proje :<\/strong> Formist Mimarl\u0131k Ltd. \u015eti.<br \/>\n<strong>Statik Proje :<\/strong> Sel Yap\u0131 Ltd. \u015eti.<br \/>\n<strong>Mekanik ve Elektrik Proje :<\/strong> Teko M\u00fchendislik Proje Ltd. \u015eti.<br \/>\n<strong>Zemin Et\u00fct :<\/strong> Boyut M\u00fchendislik Ltd. \u015eti.<br \/>\n<strong>Harita ve Maket :<\/strong> Alfa Harita Maket<br \/>\n<strong>3D \u00e7izimler :<\/strong> Y\u0131ld\u0131r\u0131m G\u0130G\u0130<br \/>\n<strong>\u0130ll\u00fcstrasyon :<\/strong> Cenkay S\u00d6NMEZ<\/p>\n","protected":false},"excerpt":{"rendered":"<p>Mimari Proje : Formist Mimarl\u0131k Ltd. \u015eti. Statik Proje : Sel Yap\u0131 Ltd. \u015eti. Mekanik ve Elektrik Proje : Teko M\u00fchendislik Proje Ltd. \u015eti. Zemin Et\u00fct<span class=\"excerpt-hellip\"> [\u2026]<\/span><\/p>\n","protected":false},"author":1,"featured_media":0,"parent":0,"menu_order":0,"comment_status":"closed","ping_status":"closed","template":"","meta":{"footnotes":""},"class_list":["post-139","page","type-page","status-publish","hentry"],"_links":{"self":[{"href":"https:\/\/www.turcoinsaat.com.tr\/ru\/wp-json\/wp\/v2\/pages\/139","targetHints":{"allow":["GET"]}}],"collection":[{"href":"https:\/\/www.turcoinsaat.com.tr\/ru\/wp-json\/wp\/v2\/pages"}],"about":[{"href":"https:\/\/www.turcoinsaat.com.tr\/ru\/wp-json\/wp\/v2\/types\/page"}],"author":[{"embeddable":true,"href":"https:\/\/www.turcoinsaat.com.tr\/ru\/wp-json\/wp\/v2\/users\/1"}],"replies":[{"embeddable":true,"href":"https:\/\/www.turcoinsaat.com.tr\/ru\/wp-json\/wp\/v2\/comments?post=139"}],"version-history":[{"count":2,"href":"https:\/\/www.turcoinsaat.com.tr\/ru\/wp-json\/wp\/v2\/pages\/139\/revisions"}],"predecessor-version":[{"id":143,"href":"https:\/\/www.turcoinsaat.com.tr\/ru\/wp-json\/wp\/v2\/pages\/139\/revisions\/143"}],"wp:attachment":[{"href":"https:\/\/www.turcoinsaat.com.tr\/ru\/wp-json\/wp\/v2\/media?parent=139"}],"curies":[{"name":"wp","href":"https:\/\/api.w.org\/{rel}","templated":true}]}}