{"id":168,"date":"2020-01-16T10:53:05","date_gmt":"2020-01-16T07:53:05","guid":{"rendered":"https:\/\/www.turcoinsaat.com.tr\/eurotolia-konsept\/"},"modified":"2020-01-16T10:54:32","modified_gmt":"2020-01-16T07:54:32","slug":"eurotolia-%d0%ba%d0%be%d0%bd%d1%86%d0%b5%d0%bf%d1%86%d0%b8%d1%8f","status":"publish","type":"page","link":"https:\/\/www.turcoinsaat.com.tr\/ru\/eurotolia-%d0%ba%d0%be%d0%bd%d1%86%d0%b5%d0%bf%d1%86%d0%b8%d1%8f\/","title":{"rendered":"EUROTOLIA &#8212; \u043a\u043e\u043d\u0446\u0435\u043f\u0446\u0438\u044f"},"content":{"rendered":"<p><img loading=\"lazy\" decoding=\"async\" class=\"size-full wp-image-163 aligncenter\" src=\"https:\/\/www.turcoinsaat.com.tr\/wp-content\/uploads\/2020\/01\/eurotolia-konsept-icerik.jpg\" alt=\"\" width=\"673\" height=\"265\" srcset=\"https:\/\/www.turcoinsaat.com.tr\/wp-content\/uploads\/2020\/01\/eurotolia-konsept-icerik.jpg 673w, https:\/\/www.turcoinsaat.com.tr\/wp-content\/uploads\/2020\/01\/eurotolia-konsept-icerik-300x118.jpg 300w, https:\/\/www.turcoinsaat.com.tr\/wp-content\/uploads\/2020\/01\/eurotolia-konsept-icerik-260x102.jpg 260w, https:\/\/www.turcoinsaat.com.tr\/wp-content\/uploads\/2020\/01\/eurotolia-konsept-icerik-50x20.jpg 50w, https:\/\/www.turcoinsaat.com.tr\/wp-content\/uploads\/2020\/01\/eurotolia-konsept-icerik-150x59.jpg 150w\" sizes=\"auto, (max-width:767px) 480px, 673px\" \/><\/p>\n<p>B\u00fcy\u00fck\u00e7ekmecede yama\u00e7 \u00fczerinde konumland\u0131r\u0131lm\u0131\u015f projede, arazinin do\u011fal e\u011fimi kullan\u0131larak ve yap\u0131-topografya ili\u015fkisi g\u00f6z \u00f6n\u00fcnde tutularak, birbirinin manzaras\u0131na engel olmayan bloklardan olu\u015fan \u00f6zg\u00fcn, yarat\u0131c\u0131, do\u011faya sayg\u0131l\u0131 ve kullan\u0131c\u0131 odakl\u0131 bir tasar\u0131m konsepti benimsenmi\u015ftir.<\/p>\n<p>Ayn\u0131 birim i\u00e7inde, her birey i\u00e7in konforlu alanlar\u0131n olu\u015fturuldu\u011fu, farkl\u0131 sosyal ihtiya\u00e7lar\u0131n kar\u015f\u0131land\u0131\u011f\u0131, EUROTOL\u0130A B\u00fcy\u00fck\u00e7ekmece Panorama Evleri projesi, mevcut se\u00e7enekleri ile bireye se\u00e7me \u015fans\u0131 sunmaktad\u0131r.<\/p>\n<p>Proje, deniz manzaras\u0131n\u0131n yan\u0131 s\u0131ra, i\u00e7inde yer ald\u0131\u011f\u0131 % 70 ye\u015fil alan\u0131 ile kullan\u0131c\u0131lar\u0131na do\u011fayla i\u00e7 i\u00e7e olma ve bunu ya\u015fam alanlar\u0131n\u0131n i\u00e7ine kadar ta\u015f\u0131ma olana\u011f\u0131 sa\u011flamaktad\u0131r.<\/p>\n<p>Alt dublekslerde bah\u00e7e, \u00fcst dublekslerde teras keyfi sunan, blok i\u00e7inde ve d\u0131\u015f\u0131nda olu\u015fturulan ye\u015fil alanlar\u0131 ile modern ve dingin bir ya\u015fam alan\u0131 olana\u011f\u0131 veren bu konsept, havuz ve \u00e7ocuk parklar\u0131 gibi sosyal alanlar ile desteklenmektedir.<\/p>\n<p>Proje i\u00e7erisinde, her site sakini i\u00e7in en az bir ara\u00e7l\u0131k kapasiteye sahip a\u00e7\u0131k ve kapal\u0131 otopark yer almaktad\u0131r.<\/p>\n","protected":false},"excerpt":{"rendered":"<p>B\u00fcy\u00fck\u00e7ekmecede yama\u00e7 \u00fczerinde konumland\u0131r\u0131lm\u0131\u015f projede, arazinin do\u011fal e\u011fimi kullan\u0131larak ve yap\u0131-topografya ili\u015fkisi g\u00f6z \u00f6n\u00fcnde tutularak, birbirinin manzaras\u0131na engel olmayan bloklardan olu\u015fan \u00f6zg\u00fcn, yarat\u0131c\u0131, do\u011faya sayg\u0131l\u0131 ve<span class=\"excerpt-hellip\"> [\u2026]<\/span><\/p>\n","protected":false},"author":1,"featured_media":0,"parent":0,"menu_order":0,"comment_status":"closed","ping_status":"closed","template":"","meta":{"footnotes":""},"class_list":["post-168","page","type-page","status-publish","hentry"],"_links":{"self":[{"href":"https:\/\/www.turcoinsaat.com.tr\/ru\/wp-json\/wp\/v2\/pages\/168","targetHints":{"allow":["GET"]}}],"collection":[{"href":"https:\/\/www.turcoinsaat.com.tr\/ru\/wp-json\/wp\/v2\/pages"}],"about":[{"href":"https:\/\/www.turcoinsaat.com.tr\/ru\/wp-json\/wp\/v2\/types\/page"}],"author":[{"embeddable":true,"href":"https:\/\/www.turcoinsaat.com.tr\/ru\/wp-json\/wp\/v2\/users\/1"}],"replies":[{"embeddable":true,"href":"https:\/\/www.turcoinsaat.com.tr\/ru\/wp-json\/wp\/v2\/comments?post=168"}],"version-history":[{"count":2,"href":"https:\/\/www.turcoinsaat.com.tr\/ru\/wp-json\/wp\/v2\/pages\/168\/revisions"}],"predecessor-version":[{"id":172,"href":"https:\/\/www.turcoinsaat.com.tr\/ru\/wp-json\/wp\/v2\/pages\/168\/revisions\/172"}],"wp:attachment":[{"href":"https:\/\/www.turcoinsaat.com.tr\/ru\/wp-json\/wp\/v2\/media?parent=168"}],"curies":[{"name":"wp","href":"https:\/\/api.w.org\/{rel}","templated":true}]}}